{"id":480,"date":"2025-09-08T18:23:49","date_gmt":"2025-09-08T18:23:49","guid":{"rendered":"https:\/\/www.q-media.ch\/Druckbar\/?page_id=480"},"modified":"2025-09-08T18:26:29","modified_gmt":"2025-09-08T18:26:29","slug":"werbeartikel-2","status":"publish","type":"page","link":"https:\/\/www.q-media.ch\/Druckbar\/services\/werbeartikel-2\/","title":{"rendered":"Werbeartikel"},"content":{"rendered":"\n<div class=\"wp-block-uagb-container uagb-block-19a1b461 alignfull uagb-is-root-container\"><div class=\"uagb-container-inner-blocks-wrap\">\n<div class=\"wp-block-uagb-image uagb-block-c352b469 wp-block-uagb-image--layout-default wp-block-uagb-image--effect-static wp-block-uagb-image--align-none\"><figure class=\"wp-block-uagb-image__figure\"><img decoding=\"async\" srcset=\"https:\/\/www.q-media.ch\/Druckbar\/wp-content\/uploads\/2025\/09\/Werbeartikel.jpg ,https:\/\/www.q-media.ch\/Druckbar\/wp-content\/uploads\/2025\/09\/Werbeartikel.jpg 780w, https:\/\/www.q-media.ch\/Druckbar\/wp-content\/uploads\/2025\/09\/Werbeartikel.jpg 360w\" sizes=\"auto, (max-width: 480px) 150px\" src=\"https:\/\/www.q-media.ch\/Druckbar\/wp-content\/uploads\/2025\/09\/Werbeartikel.jpg\" alt=\"werbeartikel\" class=\"uag-image-382\" width=\"471\" height=\"353\" title=\"werbeartikel\" loading=\"lazy\" role=\"img\"\/><\/figure><\/div>\n\n\n\n<div class=\"wp-block-uagb-advanced-heading uagb-block-73756485\"><h2 class=\"uagb-heading-text\">Werbeartikel<\/h2><\/div>\n\n\n\n<div class=\"wp-block-uagb-info-box uagb-block-cca926ae uagb-infobox__content-wrap  uagb-infobox-icon-above-title uagb-infobox-image-valign-top\"><div class=\"uagb-ifb-content\"><div class=\"uagb-ifb-icon-wrap\"><svg xmlns=\"https:\/\/www.w3.org\/2000\/svg\" viewBox=\"0 0 512 512\"><path d=\"M0 256C0 114.6 114.6 0 256 0C397.4 0 512 114.6 512 256C512 397.4 397.4 512 256 512C114.6 512 0 397.4 0 256zM371.8 211.8C382.7 200.9 382.7 183.1 371.8 172.2C360.9 161.3 343.1 161.3 332.2 172.2L224 280.4L179.8 236.2C168.9 225.3 151.1 225.3 140.2 236.2C129.3 247.1 129.3 264.9 140.2 275.8L204.2 339.8C215.1 350.7 232.9 350.7 243.8 339.8L371.8 211.8z\"><\/path><\/svg><\/div><div class=\"uagb-ifb-title-wrap\"><\/div><p class=\"uagb-ifb-desc\">Werbeartikel sind sowohl zeitlos als auch innovativ. \u00dcberraschen Sie Ihre Kunden mit ungew\u00f6hnlichen Werbegeschenken und ziehen Sie dabei die volle Aufmerksamkeit auf Ihr Unternehmen. Mit Lasergravur und Tampondruck veredeln wir kleinere Gegenst\u00e4nde wie Werbeartikel, die wir in den unterschiedlichsten Ausf\u00fchrungen kennen. Somit finden wir bestimmt das geeignete Gadget, welches ideal zu Ihnen, Ihrer Unternehmung oder Ihrem Verein passt, um den gew\u00fcnschten Werbe-Effekt zu erzielen.<br><br>Beispiele f\u00fcr beliebte Streuartikel:<br>Kugelschreiber \/ Schl\u00fcsselanh\u00e4nger \/ Feuerzeuge \/ Lippenbalsam \/ Flaschen\u00f6ffner \/ Bonbonschachteln \/ USB-Sticks u.v.m.<br>Werbeartikel&nbsp;Eigenschaften<br>+ innovative Give-aways<br>+ qualitativ hochwertige Artikel<br>+ kurze Produktionszeiten<\/p><\/div><\/div>\n\n\n\n<div class=\"wp-block-uagb-container uagb-block-c584b42a default uagb-is-root-container\">\n<div class=\"wp-block-uagb-info-box uagb-block-ffe5d344 uagb-infobox__content-wrap  uagb-infobox-icon-above-title uagb-infobox-image-valign-top wp-block-uagb-info-box--has-margin\"><div class=\"uagb-infobox-margin-wrapper\"><div class=\"uagb-ifb-content\"><div class=\"uagb-ifb-title-wrap\"><div class=\"uagb-ifb-separator\"><\/div><h2 class=\"uagb-ifb-title\">M\u00f6chten Sie mehr erfahren?<\/h2><\/div><p class=\"uagb-ifb-desc\">Kontaktieren Sie uns f\u00fcr individuelle Beratung und massgeschneiderte L\u00f6sungen f\u00fcr Ihre Projekte.<\/p><div class=\"uagb-ifb-button-wrapper wp-block-button\"><a href=\"\/Druckbar\/contact\" class=\"uagb-infobox-cta-link wp-block-button__link\" target=\"_self\" rel=\"noopener noreferrer\" onclick=\"return true;\"><span class=\"uagb-inline-editing\">Jetzt anfragen<\/span><\/a><\/div><\/div><\/div><\/div>\n<\/div>\n\n\n\n<div data-aos= \"fade-down\" data-aos-duration=\"400\" data-aos-delay=\"0\" data-aos-easing=\"ease\" data-aos-once=\"true\" class=\"wp-block-uagb-container uagb-block-ac3803f2 alignfull uagb-is-root-container\"><div class=\"uagb-container-inner-blocks-wrap\">\n<div class=\"wp-block-uagb-container uagb-block-e4889acb\">\n<div class=\"wp-block-uagb-info-box uagb-block-b27efe5c uagb-infobox__content-wrap  uagb-infobox-icon-above-title uagb-infobox-image-valign-top\"><div class=\"uagb-ifb-content\"><div class=\"uagb-ifb-title-wrap\"><span class=\"uagb-ifb-title-prefix\">q-media GmbH<\/span><\/div><p class=\"uagb-ifb-desc\">Rebgasse 7<br>4058 Basel<br>T.: 061 556 42 22<br>W.: 079 190 24 24<br>M.: info@q-media.ch<\/p><\/div><\/div>\n<\/div>\n\n\n\n<div class=\"wp-block-uagb-container uagb-block-98bd1154\">\n<div class=\"wp-block-uagb-info-box uagb-block-68fd00ad uagb-infobox__content-wrap  uagb-infobox-icon-above-title uagb-infobox-image-valign-top\"><div class=\"uagb-ifb-content\"><div class=\"uagb-ifb-title-wrap\"><span class=\"uagb-ifb-title-prefix\">\u00d6ffnungszeiten &#8211; Shop<\/span><\/div><p class=\"uagb-ifb-desc\">Nach Terminvereinbarung.<br><br><br><br><br><\/p><\/div><\/div>\n<\/div>\n\n\n\n<div class=\"wp-block-uagb-container uagb-block-c3aa187e\">\n<div class=\"wp-block-uagb-info-box uagb-block-ac165bac uagb-infobox__content-wrap  uagb-infobox-icon-above-title uagb-infobox-image-valign-top\"><div class=\"uagb-ifb-content\"><div class=\"uagb-ifb-icon-wrap\"><svg xmlns=\"https:\/\/www.w3.org\/2000\/svg\" viewBox=\"0 0 448 512\"><path d=\"M224.1 141c-63.6 0-114.9 51.3-114.9 114.9s51.3 114.9 114.9 114.9S339 319.5 339 255.9 287.7 141 224.1 141zm0 189.6c-41.1 0-74.7-33.5-74.7-74.7s33.5-74.7 74.7-74.7 74.7 33.5 74.7 74.7-33.6 74.7-74.7 74.7zm146.4-194.3c0 14.9-12 26.8-26.8 26.8-14.9 0-26.8-12-26.8-26.8s12-26.8 26.8-26.8 26.8 12 26.8 26.8zm76.1 27.2c-1.7-35.9-9.9-67.7-36.2-93.9-26.2-26.2-58-34.4-93.9-36.2-37-2.1-147.9-2.1-184.9 0-35.8 1.7-67.6 9.9-93.9 36.1s-34.4 58-36.2 93.9c-2.1 37-2.1 147.9 0 184.9 1.7 35.9 9.9 67.7 36.2 93.9s58 34.4 93.9 36.2c37 2.1 147.9 2.1 184.9 0 35.9-1.7 67.7-9.9 93.9-36.2 26.2-26.2 34.4-58 36.2-93.9 2.1-37 2.1-147.8 0-184.8zM398.8 388c-7.8 19.6-22.9 34.7-42.6 42.6-29.5 11.7-99.5 9-132.1 9s-102.7 2.6-132.1-9c-19.6-7.8-34.7-22.9-42.6-42.6-11.7-29.5-9-99.5-9-132.1s-2.6-102.7 9-132.1c7.8-19.6 22.9-34.7 42.6-42.6 29.5-11.7 99.5-9 132.1-9s102.7-2.6 132.1 9c19.6 7.8 34.7 22.9 42.6 42.6 11.7 29.5 9 99.5 9 132.1s2.7 102.7-9 132.1z\"><\/path><\/svg><\/div><div class=\"uagb-ifb-title-wrap\"><span class=\"uagb-ifb-title-prefix\">Social Media<\/span><\/div><div class=\"uagb-ifb-button-wrapper uagb-ifb-button-type-text wp-block-button\"><a href=\"https:\/\/www.instagram.com\/qmediabasel\" target=\"_blank\" onclick=\"return true;\" class=\"uagb-infobox-cta-link wp-block-button__link\" rel=\"noopener noreferrer\"><svg xmlns=\"https:\/\/www.w3.org\/2000\/svg\" viewBox=\"0 0 448 512\"><path d=\"M224.1 141c-63.6 0-114.9 51.3-114.9 114.9s51.3 114.9 114.9 114.9S339 319.5 339 255.9 287.7 141 224.1 141zm0 189.6c-41.1 0-74.7-33.5-74.7-74.7s33.5-74.7 74.7-74.7 74.7 33.5 74.7 74.7-33.6 74.7-74.7 74.7zm146.4-194.3c0 14.9-12 26.8-26.8 26.8-14.9 0-26.8-12-26.8-26.8s12-26.8 26.8-26.8 26.8 12 26.8 26.8zm76.1 27.2c-1.7-35.9-9.9-67.7-36.2-93.9-26.2-26.2-58-34.4-93.9-36.2-37-2.1-147.9-2.1-184.9 0-35.8 1.7-67.6 9.9-93.9 36.1s-34.4 58-36.2 93.9c-2.1 37-2.1 147.9 0 184.9 1.7 35.9 9.9 67.7 36.2 93.9s58 34.4 93.9 36.2c37 2.1 147.9 2.1 184.9 0 35.9-1.7 67.7-9.9 93.9-36.2 26.2-26.2 34.4-58 36.2-93.9 2.1-37 2.1-147.8 0-184.8zM398.8 388c-7.8 19.6-22.9 34.7-42.6 42.6-29.5 11.7-99.5 9-132.1 9s-102.7 2.6-132.1-9c-19.6-7.8-34.7-22.9-42.6-42.6-11.7-29.5-9-99.5-9-132.1s-2.6-102.7 9-132.1c7.8-19.6 22.9-34.7 42.6-42.6 29.5-11.7 99.5-9 132.1-9s102.7-2.6 132.1 9c19.6 7.8 34.7 22.9 42.6 42.6 11.7 29.5 9 99.5 9 132.1s2.7 102.7-9 132.1z\"><\/path><\/svg><span class=\"uagb-inline-editing\">q-mediabasel<\/span><\/a><\/div><\/div><\/div>\n<\/div>\n<\/div><\/div>\n<\/div><\/div>\n","protected":false},"excerpt":{"rendered":"<p>Werbeartikel<\/p>\n","protected":false},"author":3,"featured_media":0,"parent":18,"menu_order":0,"comment_status":"closed","ping_status":"closed","template":"","meta":{"_uag_custom_page_level_css":"","site-sidebar-layout":"default","site-content-layout":"","ast-site-content-layout":"default","site-content-style":"default","site-sidebar-style":"default","ast-global-header-display":"","ast-banner-title-visibility":"","ast-main-header-display":"","ast-hfb-above-header-display":"","ast-hfb-below-header-display":"","ast-hfb-mobile-header-display":"","site-post-title":"disabled","ast-breadcrumbs-content":"","ast-featured-img":"","footer-sml-layout":"","ast-disable-related-posts":"","theme-transparent-header-meta":"","adv-header-id-meta":"","stick-header-meta":"","header-above-stick-meta":"","header-main-stick-meta":"","header-below-stick-meta":"","astra-migrate-meta-layouts":"default","ast-page-background-enabled":"default","ast-page-background-meta":{"desktop":{"background-color":"var(--ast-global-color-4)","background-image":"","background-repeat":"repeat","background-position":"center center","background-size":"auto","background-attachment":"scroll","background-type":"","background-media":"","overlay-type":"","overlay-color":"","overlay-opacity":"","overlay-gradient":""},"tablet":{"background-color":"","background-image":"","background-repeat":"repeat","background-position":"center center","background-size":"auto","background-attachment":"scroll","background-type":"","background-media":"","overlay-type":"","overlay-color":"","overlay-opacity":"","overlay-gradient":""},"mobile":{"background-color":"","background-image":"","background-repeat":"repeat","background-position":"center center","background-size":"auto","background-attachment":"scroll","background-type":"","background-media":"","overlay-type":"","overlay-color":"","overlay-opacity":"","overlay-gradient":""}},"ast-content-background-meta":{"desktop":{"background-color":"var(--ast-global-color-5)","background-image":"","background-repeat":"repeat","background-position":"center center","background-size":"auto","background-attachment":"scroll","background-type":"","background-media":"","overlay-type":"","overlay-color":"","overlay-opacity":"","overlay-gradient":""},"tablet":{"background-color":"var(--ast-global-color-5)","background-image":"","background-repeat":"repeat","background-position":"center center","background-size":"auto","background-attachment":"scroll","background-type":"","background-media":"","overlay-type":"","overlay-color":"","overlay-opacity":"","overlay-gradient":""},"mobile":{"background-color":"var(--ast-global-color-5)","background-image":"","background-repeat":"repeat","background-position":"center center","background-size":"auto","background-attachment":"scroll","background-type":"","background-media":"","overlay-type":"","overlay-color":"","overlay-opacity":"","overlay-gradient":""}},"footnotes":""},"class_list":["post-480","page","type-page","status-publish","hentry"],"yoast_head":"<!-- This site is optimized with the Yoast SEO plugin v27.1.1 - https:\/\/yoast.com\/product\/yoast-seo-wordpress\/ -->\r\n<title>Werbeartikel -<\/title>\r\n<meta name=\"robots\" content=\"index, follow, max-snippet:-1, max-image-preview:large, max-video-preview:-1\" \/>\r\n<link rel=\"canonical\" href=\"https:\/\/www.q-media.ch\/Druckbar\/services\/werbeartikel-2\/\" \/>\r\n<meta property=\"og:locale\" content=\"de_DE\" \/>\r\n<meta property=\"og:type\" content=\"article\" \/>\r\n<meta property=\"og:title\" content=\"Werbeartikel -\" \/>\r\n<meta property=\"og:description\" content=\"Werbeartikel\" \/>\r\n<meta property=\"og:url\" content=\"https:\/\/www.q-media.ch\/Druckbar\/services\/werbeartikel-2\/\" \/>\r\n<meta property=\"article:modified_time\" content=\"2025-09-08T18:26:29+00:00\" \/>\r\n<meta property=\"og:image\" content=\"https:\/\/www.q-media.ch\/Druckbar\/wp-content\/uploads\/2025\/09\/Werbeartikel.jpg\" \/>\r\n<meta name=\"twitter:card\" content=\"summary_large_image\" \/>\r\n<script type=\"application\/ld+json\" class=\"yoast-schema-graph\">{\"@context\":\"https:\/\/schema.org\",\"@graph\":[{\"@type\":\"WebPage\",\"@id\":\"https:\/\/www.q-media.ch\/Druckbar\/services\/werbeartikel-2\/\",\"url\":\"https:\/\/www.q-media.ch\/Druckbar\/services\/werbeartikel-2\/\",\"name\":\"Werbeartikel -\",\"isPartOf\":{\"@id\":\"https:\/\/www.q-media.ch\/Druckbar\/#website\"},\"primaryImageOfPage\":{\"@id\":\"https:\/\/www.q-media.ch\/Druckbar\/services\/werbeartikel-2\/#primaryimage\"},\"image\":{\"@id\":\"https:\/\/www.q-media.ch\/Druckbar\/services\/werbeartikel-2\/#primaryimage\"},\"thumbnailUrl\":\"https:\/\/www.q-media.ch\/Druckbar\/wp-content\/uploads\/2025\/09\/Werbeartikel.jpg\",\"datePublished\":\"2025-09-08T18:23:49+00:00\",\"dateModified\":\"2025-09-08T18:26:29+00:00\",\"breadcrumb\":{\"@id\":\"https:\/\/www.q-media.ch\/Druckbar\/services\/werbeartikel-2\/#breadcrumb\"},\"inLanguage\":\"de-CH\",\"potentialAction\":[{\"@type\":\"ReadAction\",\"target\":[\"https:\/\/www.q-media.ch\/Druckbar\/services\/werbeartikel-2\/\"]}]},{\"@type\":\"ImageObject\",\"inLanguage\":\"de-CH\",\"@id\":\"https:\/\/www.q-media.ch\/Druckbar\/services\/werbeartikel-2\/#primaryimage\",\"url\":\"https:\/\/www.q-media.ch\/Druckbar\/wp-content\/uploads\/2025\/09\/Werbeartikel.jpg\",\"contentUrl\":\"https:\/\/www.q-media.ch\/Druckbar\/wp-content\/uploads\/2025\/09\/Werbeartikel.jpg\",\"width\":768,\"height\":576,\"caption\":\"werbeartikel\"},{\"@type\":\"BreadcrumbList\",\"@id\":\"https:\/\/www.q-media.ch\/Druckbar\/services\/werbeartikel-2\/#breadcrumb\",\"itemListElement\":[{\"@type\":\"ListItem\",\"position\":1,\"name\":\"Startseite\",\"item\":\"https:\/\/www.q-media.ch\/Druckbar\/\"},{\"@type\":\"ListItem\",\"position\":2,\"name\":\"Services\",\"item\":\"https:\/\/www.q-media.ch\/Druckbar\/services\/\"},{\"@type\":\"ListItem\",\"position\":3,\"name\":\"Werbeartikel\"}]},{\"@type\":\"WebSite\",\"@id\":\"https:\/\/www.q-media.ch\/Druckbar\/#website\",\"url\":\"https:\/\/www.q-media.ch\/Druckbar\/\",\"name\":\"Druck & Stick Profis\",\"description\":\"Druck &amp; Stick Profis\",\"publisher\":{\"@id\":\"https:\/\/www.q-media.ch\/Druckbar\/#organization\"},\"potentialAction\":[{\"@type\":\"SearchAction\",\"target\":{\"@type\":\"EntryPoint\",\"urlTemplate\":\"https:\/\/www.q-media.ch\/Druckbar\/?s={search_term_string}\"},\"query-input\":{\"@type\":\"PropertyValueSpecification\",\"valueRequired\":true,\"valueName\":\"search_term_string\"}}],\"inLanguage\":\"de-CH\"},{\"@type\":\"Organization\",\"@id\":\"https:\/\/www.q-media.ch\/Druckbar\/#organization\",\"name\":\"q-media GmbH\",\"url\":\"https:\/\/www.q-media.ch\/Druckbar\/\",\"logo\":{\"@type\":\"ImageObject\",\"inLanguage\":\"de-CH\",\"@id\":\"https:\/\/www.q-media.ch\/Druckbar\/#\/schema\/logo\/image\/\",\"url\":\"https:\/\/www.q-media.ch\/Druckbar\/wp-content\/uploads\/2025\/09\/cropped-LogoWeb_qmedia.png\",\"contentUrl\":\"https:\/\/www.q-media.ch\/Druckbar\/wp-content\/uploads\/2025\/09\/cropped-LogoWeb_qmedia.png\",\"width\":533,\"height\":145,\"caption\":\"q-media GmbH\"},\"image\":{\"@id\":\"https:\/\/www.q-media.ch\/Druckbar\/#\/schema\/logo\/image\/\"},\"sameAs\":[\"https:\/\/instagram.com\/qmediabasel\"]}]}<\/script>\r\n<!-- \/ Yoast SEO plugin. -->","yoast_head_json":{"title":"Werbeartikel -","robots":{"index":"index","follow":"follow","max-snippet":"max-snippet:-1","max-image-preview":"max-image-preview:large","max-video-preview":"max-video-preview:-1"},"canonical":"https:\/\/www.q-media.ch\/Druckbar\/services\/werbeartikel-2\/","og_locale":"de_DE","og_type":"article","og_title":"Werbeartikel -","og_description":"Werbeartikel","og_url":"https:\/\/www.q-media.ch\/Druckbar\/services\/werbeartikel-2\/","article_modified_time":"2025-09-08T18:26:29+00:00","og_image":[{"url":"https:\/\/www.q-media.ch\/Druckbar\/wp-content\/uploads\/2025\/09\/Werbeartikel.jpg","type":"","width":"","height":""}],"twitter_card":"summary_large_image","schema":{"@context":"https:\/\/schema.org","@graph":[{"@type":"WebPage","@id":"https:\/\/www.q-media.ch\/Druckbar\/services\/werbeartikel-2\/","url":"https:\/\/www.q-media.ch\/Druckbar\/services\/werbeartikel-2\/","name":"Werbeartikel -","isPartOf":{"@id":"https:\/\/www.q-media.ch\/Druckbar\/#website"},"primaryImageOfPage":{"@id":"https:\/\/www.q-media.ch\/Druckbar\/services\/werbeartikel-2\/#primaryimage"},"image":{"@id":"https:\/\/www.q-media.ch\/Druckbar\/services\/werbeartikel-2\/#primaryimage"},"thumbnailUrl":"https:\/\/www.q-media.ch\/Druckbar\/wp-content\/uploads\/2025\/09\/Werbeartikel.jpg","datePublished":"2025-09-08T18:23:49+00:00","dateModified":"2025-09-08T18:26:29+00:00","breadcrumb":{"@id":"https:\/\/www.q-media.ch\/Druckbar\/services\/werbeartikel-2\/#breadcrumb"},"inLanguage":"de-CH","potentialAction":[{"@type":"ReadAction","target":["https:\/\/www.q-media.ch\/Druckbar\/services\/werbeartikel-2\/"]}]},{"@type":"ImageObject","inLanguage":"de-CH","@id":"https:\/\/www.q-media.ch\/Druckbar\/services\/werbeartikel-2\/#primaryimage","url":"https:\/\/www.q-media.ch\/Druckbar\/wp-content\/uploads\/2025\/09\/Werbeartikel.jpg","contentUrl":"https:\/\/www.q-media.ch\/Druckbar\/wp-content\/uploads\/2025\/09\/Werbeartikel.jpg","width":768,"height":576,"caption":"werbeartikel"},{"@type":"BreadcrumbList","@id":"https:\/\/www.q-media.ch\/Druckbar\/services\/werbeartikel-2\/#breadcrumb","itemListElement":[{"@type":"ListItem","position":1,"name":"Startseite","item":"https:\/\/www.q-media.ch\/Druckbar\/"},{"@type":"ListItem","position":2,"name":"Services","item":"https:\/\/www.q-media.ch\/Druckbar\/services\/"},{"@type":"ListItem","position":3,"name":"Werbeartikel"}]},{"@type":"WebSite","@id":"https:\/\/www.q-media.ch\/Druckbar\/#website","url":"https:\/\/www.q-media.ch\/Druckbar\/","name":"Druck & Stick Profis","description":"Druck &amp; Stick Profis","publisher":{"@id":"https:\/\/www.q-media.ch\/Druckbar\/#organization"},"potentialAction":[{"@type":"SearchAction","target":{"@type":"EntryPoint","urlTemplate":"https:\/\/www.q-media.ch\/Druckbar\/?s={search_term_string}"},"query-input":{"@type":"PropertyValueSpecification","valueRequired":true,"valueName":"search_term_string"}}],"inLanguage":"de-CH"},{"@type":"Organization","@id":"https:\/\/www.q-media.ch\/Druckbar\/#organization","name":"q-media GmbH","url":"https:\/\/www.q-media.ch\/Druckbar\/","logo":{"@type":"ImageObject","inLanguage":"de-CH","@id":"https:\/\/www.q-media.ch\/Druckbar\/#\/schema\/logo\/image\/","url":"https:\/\/www.q-media.ch\/Druckbar\/wp-content\/uploads\/2025\/09\/cropped-LogoWeb_qmedia.png","contentUrl":"https:\/\/www.q-media.ch\/Druckbar\/wp-content\/uploads\/2025\/09\/cropped-LogoWeb_qmedia.png","width":533,"height":145,"caption":"q-media GmbH"},"image":{"@id":"https:\/\/www.q-media.ch\/Druckbar\/#\/schema\/logo\/image\/"},"sameAs":["https:\/\/instagram.com\/qmediabasel"]}]}},"uagb_featured_image_src":{"full":false,"thumbnail":false,"medium":false,"medium_large":false,"large":false,"1536x1536":false,"2048x2048":false},"uagb_author_info":{"display_name":"9q814lkfilyl","author_link":"https:\/\/www.q-media.ch\/Druckbar\/author\/9q814lkfilyl\/"},"uagb_comment_info":0,"uagb_excerpt":"Werbeartikel","_links":{"self":[{"href":"https:\/\/www.q-media.ch\/Druckbar\/wp-json\/wp\/v2\/pages\/480","targetHints":{"allow":["GET"]}}],"collection":[{"href":"https:\/\/www.q-media.ch\/Druckbar\/wp-json\/wp\/v2\/pages"}],"about":[{"href":"https:\/\/www.q-media.ch\/Druckbar\/wp-json\/wp\/v2\/types\/page"}],"author":[{"embeddable":true,"href":"https:\/\/www.q-media.ch\/Druckbar\/wp-json\/wp\/v2\/users\/3"}],"replies":[{"embeddable":true,"href":"https:\/\/www.q-media.ch\/Druckbar\/wp-json\/wp\/v2\/comments?post=480"}],"version-history":[{"count":2,"href":"https:\/\/www.q-media.ch\/Druckbar\/wp-json\/wp\/v2\/pages\/480\/revisions"}],"predecessor-version":[{"id":484,"href":"https:\/\/www.q-media.ch\/Druckbar\/wp-json\/wp\/v2\/pages\/480\/revisions\/484"}],"up":[{"embeddable":true,"href":"https:\/\/www.q-media.ch\/Druckbar\/wp-json\/wp\/v2\/pages\/18"}],"wp:attachment":[{"href":"https:\/\/www.q-media.ch\/Druckbar\/wp-json\/wp\/v2\/media?parent=480"}],"curies":[{"name":"wp","href":"https:\/\/api.w.org\/{rel}","templated":true}]}}